{"id":71864,"date":"2018-03-01T14:45:28","date_gmt":"2018-03-01T13:45:28","guid":{"rendered":"https:\/\/tameb-bfw.de\/iletisim\/"},"modified":"2018-03-01T14:48:57","modified_gmt":"2018-03-01T13:48:57","slug":"iletisim","status":"publish","type":"page","link":"https:\/\/tameb-bfw.de\/tr\/iletisim\/","title":{"rendered":"Iletisim"},"content":{"rendered":"<div class=\"wpb-content-wrapper\"><p>[vc_row type=&#8221;container&#8221;][vc_column width=&#8221;2\/3&#8243;][vc_column_text]<\/p>\n<h3><strong>\u0130steklerinizi bize iletin.<\/strong><\/h3>\n<p>[\/vc_column_text]\n<div class=\"wpcf7 no-js\" id=\"wpcf7-f70744-o1\" lang=\"en-US\" dir=\"ltr\" data-wpcf7-id=\"70744\">\n<div class=\"screen-reader-response\"><p role=\"status\" aria-live=\"polite\" aria-atomic=\"true\"><\/p> <ul><\/ul><\/div>\n<form action=\"\/tr\/wp-json\/wp\/v2\/pages\/71864#wpcf7-f70744-o1\" method=\"post\" class=\"wpcf7-form init\" aria-label=\"Contact form\" novalidate=\"novalidate\" data-status=\"init\">\n<fieldset class=\"hidden-fields-container\"><input type=\"hidden\" name=\"_wpcf7\" value=\"70744\" \/><input type=\"hidden\" name=\"_wpcf7_version\" value=\"6.1.5\" \/><input type=\"hidden\" name=\"_wpcf7_locale\" value=\"en_US\" \/><input type=\"hidden\" name=\"_wpcf7_unit_tag\" value=\"wpcf7-f70744-o1\" \/><input type=\"hidden\" name=\"_wpcf7_container_post\" value=\"0\" \/><input type=\"hidden\" name=\"_wpcf7_posted_data_hash\" value=\"\" \/>\n<\/fieldset>\n<div class=\"row\">\n\t<div class=\"col-lg-6 col-md-6\">\n\t\t<p>Name (erforderlich)\n\t\t<\/p>\n\t\t<p><span class=\"wpcf7-form-control-wrap\" data-name=\"your-name\"><input size=\"40\" maxlength=\"400\" class=\"wpcf7-form-control wpcf7-text wpcf7-validates-as-required\" aria-required=\"true\" aria-invalid=\"false\" value=\"\" type=\"text\" name=\"your-name\" \/><\/span>\n\t\t<\/p>\n\t\t<p>Email (erforderlich)\n\t\t<\/p>\n\t\t<p><span class=\"wpcf7-form-control-wrap\" data-name=\"your-email\"><input size=\"40\" maxlength=\"400\" class=\"wpcf7-form-control wpcf7-email wpcf7-validates-as-required wpcf7-text wpcf7-validates-as-email\" aria-required=\"true\" aria-invalid=\"false\" value=\"\" type=\"email\" name=\"your-email\" \/><\/span>\n\t\t<\/p>\n\t\t<p>Rufnummer\n\t\t<\/p>\n\t\t<p><span class=\"wpcf7-form-control-wrap\" data-name=\"your-phone\"><input size=\"40\" maxlength=\"400\" class=\"wpcf7-form-control wpcf7-tel wpcf7-text wpcf7-validates-as-tel\" aria-invalid=\"false\" value=\"\" type=\"tel\" name=\"your-phone\" \/><\/span>\n\t\t<\/p>\n\t\t<p>Firmenname\n\t\t<\/p>\n\t\t<p><span class=\"wpcf7-form-control-wrap\" data-name=\"company-name\"><input size=\"40\" maxlength=\"400\" class=\"wpcf7-form-control wpcf7-text\" aria-invalid=\"false\" value=\"\" type=\"text\" name=\"company-name\" \/><\/span>\n\t\t<\/p>\n\t<\/div>\n\t<div class=\"col-lg-6 col-md-6\">\n\t\t<p>Betreff\n\t\t<\/p>\n\t\t<p><span class=\"wpcf7-form-control-wrap\" data-name=\"project-title\"><input size=\"40\" maxlength=\"400\" class=\"wpcf7-form-control wpcf7-text\" aria-invalid=\"false\" value=\"\" type=\"text\" name=\"project-title\" \/><\/span>\n\t\t<\/p>\n\t\t<p>Ihre Nachricht\n\t\t<\/p>\n\t\t<p><span class=\"wpcf7-form-control-wrap\" data-name=\"your-requirements\"><textarea cols=\"40\" rows=\"10\" maxlength=\"2000\" class=\"wpcf7-form-control wpcf7-textarea\" aria-invalid=\"false\" name=\"your-requirements\"><\/textarea><\/span>\n\t\t<\/p>\n\t<\/div>\n<\/div>\n<p><input class=\"wpcf7-form-control wpcf7-submit has-spinner\" type=\"submit\" value=\"Absenden\" \/>\n<\/p><div class=\"wpcf7-response-output\" aria-hidden=\"true\"><\/div>\n<\/form>\n<\/div>\n[\/vc_column][vc_column width=&#8221;1\/3&#8243;][vc_column_text]<\/p>\n<h3>Bize nas\u0131l ula\u015facaks\u0131n\u0131z.<\/h3>\n<p>[\/vc_column_text][vc_column_text]Humboldtstra\u00dfe 30-36,<br \/>\n50171 Kerpen<\/p>\n<p>E-posta: tameb@bauindustrie-nrw.de<br \/>\nWeb:\u00a0<a href=\"http:\/\/berufsbildung-bau.de\/\" target=\"_blank\" rel=\"noopener\">http:\/\/berufsbildung-bau.de<\/a><\/p>\n<p>Fon: +49 (0) 2237 5618 0<br \/>\nFax: +49 (0) 2237 6969550[\/vc_column_text][\/vc_column][\/vc_row]<\/p>\n<\/div>","protected":false},"excerpt":{"rendered":"<p>[vc_row type=&#8221;container&#8221;][vc_column width=&#8221;2\/3&#8243;][vc_column_text] \u0130steklerinizi bize iletin. [\/vc_column_text][\/vc_column][vc_column width=&#8221;1\/3&#8243;][vc_column_text] Bize nas\u0131l ula\u015facaks\u0131n\u0131z. [\/vc_column_text][vc_column_text]Humboldtstra\u00dfe 30-36, 50171 Kerpen E-posta: tameb@bauindustrie-nrw.de Web:\u00a0http:\/\/berufsbildung-bau.de Fon: +49 (0) 2237 5618 0 Fax: +49 (0) 2237 6969550[\/vc_column_text][\/vc_column][\/vc_row]<\/p>\n","protected":false},"author":1,"featured_media":0,"parent":0,"menu_order":0,"comment_status":"closed","ping_status":"closed","template":"page-full-width.php","meta":{"_acf_changed":false,"footnotes":""},"class_list":["post-71864","page","type-page","status-publish","hentry"],"acf":[],"yoast_head":"<!-- This site is optimized with the Yoast SEO plugin v27.2 - https:\/\/yoast.com\/product\/yoast-seo-wordpress\/ -->\n<title>Iletisim - TAMEB - BFW NRW<\/title>\n<meta name=\"robots\" content=\"index, follow, max-snippet:-1, max-image-preview:large, max-video-preview:-1\" \/>\n<link rel=\"canonical\" href=\"https:\/\/tameb-bfw.de\/tr\/iletisim\/\" \/>\n<meta property=\"og:locale\" content=\"tr_TR\" \/>\n<meta property=\"og:type\" content=\"article\" \/>\n<meta property=\"og:title\" content=\"Iletisim - TAMEB - BFW NRW\" \/>\n<meta property=\"og:description\" content=\"[vc_row type=&#8221;container&#8221;][vc_column width=&#8221;2\/3&#8243;][vc_column_text] \u0130steklerinizi bize iletin. [\/vc_column_text][\/vc_column][vc_column width=&#8221;1\/3&#8243;][vc_column_text] Bize nas\u0131l ula\u015facaks\u0131n\u0131z. [\/vc_column_text][vc_column_text]Humboldtstra\u00dfe 30-36, 50171 Kerpen E-posta: tameb@bauindustrie-nrw.de Web:\u00a0http:\/\/berufsbildung-bau.de Fon: +49 (0) 2237 5618 0 Fax: +49 (0) 2237 6969550[\/vc_column_text][\/vc_column][\/vc_row]\" \/>\n<meta property=\"og:url\" content=\"https:\/\/tameb-bfw.de\/tr\/iletisim\/\" \/>\n<meta property=\"og:site_name\" content=\"TAMEB - BFW NRW\" \/>\n<meta property=\"article:modified_time\" content=\"2018-03-01T13:48:57+00:00\" \/>\n<meta name=\"twitter:card\" content=\"summary_large_image\" \/>\n<script type=\"application\/ld+json\" class=\"yoast-schema-graph\">{\"@context\":\"https:\/\/schema.org\",\"@graph\":[{\"@type\":\"WebPage\",\"@id\":\"https:\/\/tameb-bfw.de\/tr\/iletisim\/\",\"url\":\"https:\/\/tameb-bfw.de\/tr\/iletisim\/\",\"name\":\"Iletisim - TAMEB - BFW NRW\",\"isPartOf\":{\"@id\":\"https:\/\/tameb-bfw.de\/#website\"},\"datePublished\":\"2018-03-01T13:45:28+00:00\",\"dateModified\":\"2018-03-01T13:48:57+00:00\",\"breadcrumb\":{\"@id\":\"https:\/\/tameb-bfw.de\/tr\/iletisim\/#breadcrumb\"},\"inLanguage\":\"tr\",\"potentialAction\":[{\"@type\":\"ReadAction\",\"target\":[\"https:\/\/tameb-bfw.de\/tr\/iletisim\/\"]}]},{\"@type\":\"BreadcrumbList\",\"@id\":\"https:\/\/tameb-bfw.de\/tr\/iletisim\/#breadcrumb\",\"itemListElement\":[{\"@type\":\"ListItem\",\"position\":1,\"name\":\"Startseite\",\"item\":\"https:\/\/tameb-bfw.de\/tr\/\"},{\"@type\":\"ListItem\",\"position\":2,\"name\":\"Iletisim\"}]},{\"@type\":\"WebSite\",\"@id\":\"https:\/\/tameb-bfw.de\/#website\",\"url\":\"https:\/\/tameb-bfw.de\/\",\"name\":\"TAMEB - BFW NRW\",\"description\":\"Deutsch-t\u00fcrkische Partnerschaft f\u00fcr berufliche Qualifizierung\",\"publisher\":{\"@id\":\"https:\/\/tameb-bfw.de\/#organization\"},\"potentialAction\":[{\"@type\":\"SearchAction\",\"target\":{\"@type\":\"EntryPoint\",\"urlTemplate\":\"https:\/\/tameb-bfw.de\/?s={search_term_string}\"},\"query-input\":{\"@type\":\"PropertyValueSpecification\",\"valueRequired\":true,\"valueName\":\"search_term_string\"}}],\"inLanguage\":\"tr\"},{\"@type\":\"Organization\",\"@id\":\"https:\/\/tameb-bfw.de\/#organization\",\"name\":\"Berufsf\u00f6rderungswerk der Bauindustrie NRW gGmbH\",\"url\":\"https:\/\/tameb-bfw.de\/\",\"logo\":{\"@type\":\"ImageObject\",\"inLanguage\":\"tr\",\"@id\":\"https:\/\/tameb-bfw.de\/#\/schema\/logo\/image\/\",\"url\":\"https:\/\/tameb-bfw.de\/wp-content\/uploads\/2017\/11\/BFW-TAMEB-Logo.png\",\"contentUrl\":\"https:\/\/tameb-bfw.de\/wp-content\/uploads\/2017\/11\/BFW-TAMEB-Logo.png\",\"width\":370,\"height\":100,\"caption\":\"Berufsf\u00f6rderungswerk der Bauindustrie NRW gGmbH\"},\"image\":{\"@id\":\"https:\/\/tameb-bfw.de\/#\/schema\/logo\/image\/\"}}]}<\/script>\n<!-- \/ Yoast SEO plugin. -->","yoast_head_json":{"title":"Iletisim - TAMEB - BFW NRW","robots":{"index":"index","follow":"follow","max-snippet":"max-snippet:-1","max-image-preview":"max-image-preview:large","max-video-preview":"max-video-preview:-1"},"canonical":"https:\/\/tameb-bfw.de\/tr\/iletisim\/","og_locale":"tr_TR","og_type":"article","og_title":"Iletisim - TAMEB - BFW NRW","og_description":"[vc_row type=&#8221;container&#8221;][vc_column width=&#8221;2\/3&#8243;][vc_column_text] \u0130steklerinizi bize iletin. [\/vc_column_text][\/vc_column][vc_column width=&#8221;1\/3&#8243;][vc_column_text] Bize nas\u0131l ula\u015facaks\u0131n\u0131z. [\/vc_column_text][vc_column_text]Humboldtstra\u00dfe 30-36, 50171 Kerpen E-posta: tameb@bauindustrie-nrw.de Web:\u00a0http:\/\/berufsbildung-bau.de Fon: +49 (0) 2237 5618 0 Fax: +49 (0) 2237 6969550[\/vc_column_text][\/vc_column][\/vc_row]","og_url":"https:\/\/tameb-bfw.de\/tr\/iletisim\/","og_site_name":"TAMEB - BFW NRW","article_modified_time":"2018-03-01T13:48:57+00:00","twitter_card":"summary_large_image","schema":{"@context":"https:\/\/schema.org","@graph":[{"@type":"WebPage","@id":"https:\/\/tameb-bfw.de\/tr\/iletisim\/","url":"https:\/\/tameb-bfw.de\/tr\/iletisim\/","name":"Iletisim - TAMEB - BFW NRW","isPartOf":{"@id":"https:\/\/tameb-bfw.de\/#website"},"datePublished":"2018-03-01T13:45:28+00:00","dateModified":"2018-03-01T13:48:57+00:00","breadcrumb":{"@id":"https:\/\/tameb-bfw.de\/tr\/iletisim\/#breadcrumb"},"inLanguage":"tr","potentialAction":[{"@type":"ReadAction","target":["https:\/\/tameb-bfw.de\/tr\/iletisim\/"]}]},{"@type":"BreadcrumbList","@id":"https:\/\/tameb-bfw.de\/tr\/iletisim\/#breadcrumb","itemListElement":[{"@type":"ListItem","position":1,"name":"Startseite","item":"https:\/\/tameb-bfw.de\/tr\/"},{"@type":"ListItem","position":2,"name":"Iletisim"}]},{"@type":"WebSite","@id":"https:\/\/tameb-bfw.de\/#website","url":"https:\/\/tameb-bfw.de\/","name":"TAMEB - BFW NRW","description":"Deutsch-t\u00fcrkische Partnerschaft f\u00fcr berufliche Qualifizierung","publisher":{"@id":"https:\/\/tameb-bfw.de\/#organization"},"potentialAction":[{"@type":"SearchAction","target":{"@type":"EntryPoint","urlTemplate":"https:\/\/tameb-bfw.de\/?s={search_term_string}"},"query-input":{"@type":"PropertyValueSpecification","valueRequired":true,"valueName":"search_term_string"}}],"inLanguage":"tr"},{"@type":"Organization","@id":"https:\/\/tameb-bfw.de\/#organization","name":"Berufsf\u00f6rderungswerk der Bauindustrie NRW gGmbH","url":"https:\/\/tameb-bfw.de\/","logo":{"@type":"ImageObject","inLanguage":"tr","@id":"https:\/\/tameb-bfw.de\/#\/schema\/logo\/image\/","url":"https:\/\/tameb-bfw.de\/wp-content\/uploads\/2017\/11\/BFW-TAMEB-Logo.png","contentUrl":"https:\/\/tameb-bfw.de\/wp-content\/uploads\/2017\/11\/BFW-TAMEB-Logo.png","width":370,"height":100,"caption":"Berufsf\u00f6rderungswerk der Bauindustrie NRW gGmbH"},"image":{"@id":"https:\/\/tameb-bfw.de\/#\/schema\/logo\/image\/"}}]}},"_links":{"self":[{"href":"https:\/\/tameb-bfw.de\/tr\/wp-json\/wp\/v2\/pages\/71864","targetHints":{"allow":["GET"]}}],"collection":[{"href":"https:\/\/tameb-bfw.de\/tr\/wp-json\/wp\/v2\/pages"}],"about":[{"href":"https:\/\/tameb-bfw.de\/tr\/wp-json\/wp\/v2\/types\/page"}],"author":[{"embeddable":true,"href":"https:\/\/tameb-bfw.de\/tr\/wp-json\/wp\/v2\/users\/1"}],"replies":[{"embeddable":true,"href":"https:\/\/tameb-bfw.de\/tr\/wp-json\/wp\/v2\/comments?post=71864"}],"version-history":[{"count":5,"href":"https:\/\/tameb-bfw.de\/tr\/wp-json\/wp\/v2\/pages\/71864\/revisions"}],"predecessor-version":[{"id":71869,"href":"https:\/\/tameb-bfw.de\/tr\/wp-json\/wp\/v2\/pages\/71864\/revisions\/71869"}],"wp:attachment":[{"href":"https:\/\/tameb-bfw.de\/tr\/wp-json\/wp\/v2\/media?parent=71864"}],"curies":[{"name":"wp","href":"https:\/\/api.w.org\/{rel}","templated":true}]}}